{"id":12156,"date":"2026-05-14T10:13:34","date_gmt":"2026-05-14T14:13:34","guid":{"rendered":"https:\/\/www.eltorostudio.com\/conditions-generales\/"},"modified":"2026-05-14T10:39:41","modified_gmt":"2026-05-14T14:39:41","slug":"general-terms-and-conditions","status":"publish","type":"page","link":"https:\/\/www.eltorostudio.com\/en\/general-terms-and-conditions\/","title":{"rendered":"General terms and conditions"},"content":{"rendered":"<p><strong>Mises \u00e0 jour le 13 mai 2026<\/strong><\/p>\n<h2>Bienvenue sur le site web d\u2019Eltoro Studio (le \u00ab Site \u00bb). Merci de bien vouloir consacrer quelques instants \u00e0 la lecture de cet avis.<\/h2>\n<p>Lorsque vous acc\u00e9dez au Site et naviguez dans celui-ci, vous acceptez d\u2019\u00eatre li\u00e9s par les modalit\u00e9s et conditions mentionn\u00e9es ci-apr\u00e8s et vous vous engagez \u00e0 les respecter. Eltoro Studio se r\u00e9serve la facult\u00e9 de pouvoir, en tout temps et \u00e0 sa seule discr\u00e9tion, faire des modifications \u00e0 ces modalit\u00e9s et conditions d\u2019utilisation auxquelles vous acceptez \u00e9galement d\u2019\u00eatre li\u00e9s.<\/p>\n<h2>Avis de propri\u00e9t\u00e9 intellectuelle<\/h2>\n<p>Le Site ainsi que tout le contenu qui y est diffus\u00e9 ou auquel il donne acc\u00e8s sont prot\u00e9g\u00e9s par la l\u00e9gislation canadienne et internationale relative au droit d\u2019auteur (notamment la <a href=\"https:\/\/lois.justice.gc.ca\/fra\/lois\/C-42\/\" target=\"_blank\" rel=\"noopener\"><em>Loi sur le droit d\u2019auteur, L.R.C., ch. C-42<\/em><\/a>). Le t\u00e9l\u00e9chargement, la copie, l\u2019impression ou la modification de textes, d\u2019illustrations ou d\u2019autres donn\u00e9es, y compris les codes sources, n\u2019entra\u00eenent aucun transfert de droits sur les contenus.<\/p>\n<p>Toute adaptation, diffusion ou reproduction en sont interdites \u00e0 moins d\u2019avoir pr\u00e9alablement obtenu l\u2019autorisation de le faire.<\/p>\n<p>L\u2019utilisation des images du Site, sur papier ou au format num\u00e9rique, est permise pourvu que cela soit aux fins non commerciales \u00e9num\u00e9r\u00e9es ci-dessous. Il est toutefois interdit de les modifier et de les manipuler. Il faut \u00e9galement mentionner la source des photos.<\/p>\n<p>Fins non commerciales\u00a0:<\/p>\n<ul>\n<li>but p\u00e9dagogique<\/li>\n<li>usage personnel<\/li>\n<li>\u00e9tudes personnelles<\/li>\n<li>r\u00e9f\u00e9rence<\/li>\n<li>recherche<\/li>\n<\/ul>\n<h2>Exclusion de responsabilit\u00e9<\/h2>\n<p>Eltoro Studio ne garantit en aucun cas la qualit\u00e9, l\u2019exactitude, la fiabilit\u00e9 ni l\u2019ad\u00e9quation des renseignements mis en ligne \u00e0 une situation particuli\u00e8re. Ces renseignements sont fournis \u00ab tels quels \u00bb sans aucune garantie ni repr\u00e9sentation. Malgr\u00e9 tout le soin apport\u00e9 \u00e0 notre Site, il peut contenir des inexactitudes ou des erreurs typographiques. En aucun cas, Eltoro Studio ne saurait \u00eatre tenue pour responsable de dommages de quelque nature que ce soit, y compris des dommages r\u00e9els ou indirects, d\u00e9coulant de l\u2019utilisation des renseignements disponibles sur notre Site. En aucun cas l\u2019information contenue sur le Site ne peut \u00eatre interpr\u00e9t\u00e9e comme \u00e9tant un avis juridique.<\/p>\n<h3>Lien vers d\u2019autres sites<\/h3>\n<p>Le Site contient des hyperliens qui donnent acc\u00e8s \u00e0 des sites web appartenant \u00e0 des tiers et g\u00e9r\u00e9s par ces derniers. Eltoro Studio met ces hyperliens \u00e0 la disposition des usagers de son site web \u00e0 des fins de commodit\u00e9 et n\u2019exerce aucune forme de contr\u00f4le sur le contenu des sites auxquels m\u00e8nent ces hyperliens. En outre, Studio ne fait aucune d\u00e9claration, n\u2019\u00e9met aucune approbation et n\u2019accepte aucune responsabilit\u00e9 \u00e0 l\u2019\u00e9gard de la teneur ou de l\u2019utilisation de tels sites.<\/p>\n<h2>Protection des renseignements personnels<\/h2>\n<p>Eltoro Studio respecte votre droit \u00e0 la protection des renseignements personnels, conform\u00e9ment aux lois du Qu\u00e9bec et du Canada sur la protection de la vie priv\u00e9e.<\/p>\n<p>Eltoro Studio peut \u00eatre appel\u00e9 \u00e0 recueillir des renseignements personnels \u00e0 votre sujet. Ces renseignements personnels sont utilis\u00e9s exclusivement par Eltoro Studio pour communiquer avec vous, vous fournir les services ou les renseignements que vous avez demand\u00e9s ou vous transmettre des informations susceptibles de vous int\u00e9resser. Eltoro Studio se servira des renseignements personnels qu\u2019\u00e0 ces fins, \u00e0 moins d\u2019avoir obtenu votre consentement. Si vous ne d\u00e9sirez pas recevoir de l\u2019information suppl\u00e9mentaire, vous pouvez nous le faire savoir en communiquant avec nous.<\/p>\n<h2>Pour communiquer avec nous :<\/h2>\n<p>Pour toute question relative \u00e0 la protection de vos renseignements personnels ou pour formuler une plainte en lien avec la protection de vos renseignements personnels, nous vous invitons \u00e0 communiquer avec M. Benoit St-Jean, pr\u00e9sident d\u2019Eltoro Studio (le \u00ab <strong>Responsable<\/strong> \u00bb) \u00e0 :<\/p>\n<p><a href=\"mailto:ben@eltorostudio.com\">ben@eltorostudio.com<\/a> ou au 514\u00a0918-5683.<\/p>\n","protected":false},"excerpt":{"rendered":"<p>Mises \u00e0 jour le 13 mai 2026 Bienvenue sur le site web d\u2019Eltoro Studio (le \u00ab Site \u00bb). Merci de bien vouloir consacrer quelques instants \u00e0 la lecture de cet avis. Lorsque vous acc\u00e9dez au Site et naviguez dans celui-ci, vous acceptez d\u2019\u00eatre li\u00e9s par les modalit\u00e9s et conditions mentionn\u00e9es ci-apr\u00e8s et vous vous engagez [&hellip;]<\/p>\n","protected":false},"author":1,"featured_media":0,"parent":0,"menu_order":0,"comment_status":"closed","ping_status":"closed","template":"","meta":{"_acf_changed":false,"footnotes":""},"class_list":["post-12156","page","type-page","status-publish","hentry"],"acf":[],"yoast_head":"<!-- This site is optimized with the Yoast SEO plugin v27.6 - https:\/\/yoast.com\/product\/yoast-seo-wordpress\/ -->\n<title>General terms and conditions - Eltoro<\/title>\n<meta name=\"robots\" content=\"index, follow, max-snippet:-1, max-image-preview:large, max-video-preview:-1\" \/>\n<link rel=\"canonical\" href=\"https:\/\/www.eltorostudio.com\/en\/general-terms-and-conditions\/\" \/>\n<meta property=\"og:locale\" content=\"en_US\" \/>\n<meta property=\"og:title\" content=\"General terms and conditions - Eltoro\" \/>\n<meta property=\"og:description\" content=\"Mises \u00e0 jour le 13 mai 2026 Bienvenue sur le site web d\u2019Eltoro Studio (le \u00ab Site \u00bb). Merci de bien vouloir consacrer quelques instants \u00e0 la lecture de cet avis. Lorsque vous acc\u00e9dez au Site et naviguez dans celui-ci, vous acceptez d\u2019\u00eatre li\u00e9s par les modalit\u00e9s et conditions mentionn\u00e9es ci-apr\u00e8s et vous vous engagez [&hellip;]\" \/>\n<meta property=\"og:url\" content=\"https:\/\/www.eltorostudio.com\/en\/general-terms-and-conditions\/\" \/>\n<meta property=\"og:site_name\" content=\"Eltoro\" \/>\n<meta property=\"article:publisher\" content=\"https:\/\/www.facebook.com\/EltoroStudio\" \/>\n<meta property=\"article:modified_time\" content=\"2026-05-14T14:39:41+00:00\" \/>\n<meta property=\"og:image\" content=\"https:\/\/www.eltorostudio.com\/wp-content\/uploads\/2017\/05\/eltoro_facebook.jpg\" \/>\n<meta name=\"twitter:card\" content=\"summary_large_image\" \/>\n<meta name=\"twitter:label1\" content=\"Est. reading time\" \/>\n\t<meta name=\"twitter:data1\" content=\"3 minutes\" \/>\n<script type=\"application\/ld+json\" class=\"yoast-schema-graph\">{\"@context\":\"https:\\\/\\\/schema.org\",\"@graph\":[{\"@type\":\"WebPage\",\"@id\":\"https:\\\/\\\/www.eltorostudio.com\\\/en\\\/general-terms-and-conditions\\\/\",\"url\":\"https:\\\/\\\/www.eltorostudio.com\\\/en\\\/general-terms-and-conditions\\\/\",\"name\":\"General terms and conditions - Eltoro\",\"isPartOf\":{\"@id\":\"https:\\\/\\\/www.eltorostudio.com\\\/#website\"},\"datePublished\":\"2026-05-14T14:13:34+00:00\",\"dateModified\":\"2026-05-14T14:39:41+00:00\",\"breadcrumb\":{\"@id\":\"https:\\\/\\\/www.eltorostudio.com\\\/en\\\/general-terms-and-conditions\\\/#breadcrumb\"},\"inLanguage\":\"en-US\",\"potentialAction\":[{\"@type\":\"ReadAction\",\"target\":[\"https:\\\/\\\/www.eltorostudio.com\\\/en\\\/general-terms-and-conditions\\\/\"]}]},{\"@type\":\"BreadcrumbList\",\"@id\":\"https:\\\/\\\/www.eltorostudio.com\\\/en\\\/general-terms-and-conditions\\\/#breadcrumb\",\"itemListElement\":[{\"@type\":\"ListItem\",\"position\":1,\"name\":\"Accueil\",\"item\":\"https:\\\/\\\/www.eltorostudio.com\\\/en\\\/\"},{\"@type\":\"ListItem\",\"position\":2,\"name\":\"General terms and conditions\"}]},{\"@type\":\"WebSite\",\"@id\":\"https:\\\/\\\/www.eltorostudio.com\\\/#website\",\"url\":\"https:\\\/\\\/www.eltorostudio.com\\\/\",\"name\":\"Eltoro\",\"description\":\"\",\"potentialAction\":[{\"@type\":\"SearchAction\",\"target\":{\"@type\":\"EntryPoint\",\"urlTemplate\":\"https:\\\/\\\/www.eltorostudio.com\\\/?s={search_term_string}\"},\"query-input\":{\"@type\":\"PropertyValueSpecification\",\"valueRequired\":true,\"valueName\":\"search_term_string\"}}],\"inLanguage\":\"en-US\"}]}<\/script>\n<!-- \/ Yoast SEO plugin. -->","yoast_head_json":{"title":"General terms and conditions - Eltoro","robots":{"index":"index","follow":"follow","max-snippet":"max-snippet:-1","max-image-preview":"max-image-preview:large","max-video-preview":"max-video-preview:-1"},"canonical":"https:\/\/www.eltorostudio.com\/en\/general-terms-and-conditions\/","og_locale":"en_US","og_title":"General terms and conditions - Eltoro","og_description":"Mises \u00e0 jour le 13 mai 2026 Bienvenue sur le site web d\u2019Eltoro Studio (le \u00ab Site \u00bb). Merci de bien vouloir consacrer quelques instants \u00e0 la lecture de cet avis. Lorsque vous acc\u00e9dez au Site et naviguez dans celui-ci, vous acceptez d\u2019\u00eatre li\u00e9s par les modalit\u00e9s et conditions mentionn\u00e9es ci-apr\u00e8s et vous vous engagez [&hellip;]","og_url":"https:\/\/www.eltorostudio.com\/en\/general-terms-and-conditions\/","og_site_name":"Eltoro","article_publisher":"https:\/\/www.facebook.com\/EltoroStudio","article_modified_time":"2026-05-14T14:39:41+00:00","og_image":[{"url":"https:\/\/www.eltorostudio.com\/wp-content\/uploads\/2017\/05\/eltoro_facebook.jpg","type":"","width":"","height":""}],"twitter_card":"summary_large_image","twitter_misc":{"Est. reading time":"3 minutes"},"schema":{"@context":"https:\/\/schema.org","@graph":[{"@type":"WebPage","@id":"https:\/\/www.eltorostudio.com\/en\/general-terms-and-conditions\/","url":"https:\/\/www.eltorostudio.com\/en\/general-terms-and-conditions\/","name":"General terms and conditions - Eltoro","isPartOf":{"@id":"https:\/\/www.eltorostudio.com\/#website"},"datePublished":"2026-05-14T14:13:34+00:00","dateModified":"2026-05-14T14:39:41+00:00","breadcrumb":{"@id":"https:\/\/www.eltorostudio.com\/en\/general-terms-and-conditions\/#breadcrumb"},"inLanguage":"en-US","potentialAction":[{"@type":"ReadAction","target":["https:\/\/www.eltorostudio.com\/en\/general-terms-and-conditions\/"]}]},{"@type":"BreadcrumbList","@id":"https:\/\/www.eltorostudio.com\/en\/general-terms-and-conditions\/#breadcrumb","itemListElement":[{"@type":"ListItem","position":1,"name":"Accueil","item":"https:\/\/www.eltorostudio.com\/en\/"},{"@type":"ListItem","position":2,"name":"General terms and conditions"}]},{"@type":"WebSite","@id":"https:\/\/www.eltorostudio.com\/#website","url":"https:\/\/www.eltorostudio.com\/","name":"Eltoro","description":"","potentialAction":[{"@type":"SearchAction","target":{"@type":"EntryPoint","urlTemplate":"https:\/\/www.eltorostudio.com\/?s={search_term_string}"},"query-input":{"@type":"PropertyValueSpecification","valueRequired":true,"valueName":"search_term_string"}}],"inLanguage":"en-US"}]}},"_links":{"self":[{"href":"https:\/\/www.eltorostudio.com\/en\/wp-json\/wp\/v2\/pages\/12156","targetHints":{"allow":["GET"]}}],"collection":[{"href":"https:\/\/www.eltorostudio.com\/en\/wp-json\/wp\/v2\/pages"}],"about":[{"href":"https:\/\/www.eltorostudio.com\/en\/wp-json\/wp\/v2\/types\/page"}],"author":[{"embeddable":true,"href":"https:\/\/www.eltorostudio.com\/en\/wp-json\/wp\/v2\/users\/1"}],"replies":[{"embeddable":true,"href":"https:\/\/www.eltorostudio.com\/en\/wp-json\/wp\/v2\/comments?post=12156"}],"version-history":[{"count":1,"href":"https:\/\/www.eltorostudio.com\/en\/wp-json\/wp\/v2\/pages\/12156\/revisions"}],"predecessor-version":[{"id":12161,"href":"https:\/\/www.eltorostudio.com\/en\/wp-json\/wp\/v2\/pages\/12156\/revisions\/12161"}],"wp:attachment":[{"href":"https:\/\/www.eltorostudio.com\/en\/wp-json\/wp\/v2\/media?parent=12156"}],"curies":[{"name":"wp","href":"https:\/\/api.w.org\/{rel}","templated":true}]}}